{"id":39,"date":"2023-10-24T15:30:33","date_gmt":"2023-10-24T18:30:33","guid":{"rendered":"https:\/\/openst9.com.br\/newsite\/?page_id=39"},"modified":"2024-03-11T15:17:42","modified_gmt":"2024-03-11T18:17:42","slug":"sobre-a-empresa","status":"publish","type":"page","link":"https:\/\/www.openst9.com.br\/index.php\/sobre-a-empresa\/","title":{"rendered":"Sobre a empresa"},"content":{"rendered":"\n<div class=\"wp-block-uagb-container title-box uagb-block-35f851dd alignfull uagb-is-root-container\"><div class=\"uagb-container-inner-blocks-wrap\">\n<div class=\"wp-block-uagb-container uagb-block-150766af\">\n<h2 class=\"wp-block-heading page-title has-ast-global-color-5-color has-text-color has-link-color wp-elements-6d15548495dfbf28180a8c68cad3db52\">Sobre a empresa<\/h2>\n<\/div>\n\n\n\n<div class=\"wp-block-uagb-container uagb-block-f4f75551\"><\/div>\n<\/div><\/div>\n\n\n\n<div style=\"height:60px\" aria-hidden=\"true\" class=\"wp-block-spacer\"><\/div>\n\n\n\n<h2 class=\"wp-block-heading\" style=\"font-style:normal;font-weight:900\"><strong>Antes de conhecer sobre a&nbsp;<\/strong>OPENST9<strong>, que tal saber mais sobre mim?&nbsp;<\/strong><\/h2>\n\n\n\n<p>Ol\u00e1, meu nome \u00e9 Thiago e eu sou formado em Marketing. A\u00ed voc\u00ea me pergunta: &#8220;O que uma pessoa formada em marketing sabe sobre programa\u00e7\u00e3o, sistemas web, <em>opensource<\/em> e coisas sobre tecnologia?&#8221;.<\/p>\n\n\n\n<p>A hist\u00f3ria toda \u00e9 bem complexa, mas resumindo, em mais de 20 anos de profiss\u00e3o passei por diversas empresas, de diversos tamanhos e portes. Desde multinacionais com mais de mil funcion\u00e1rios a empresas familiares com 10. O que mais me incomodou nessa trajet\u00f3ria toda foi o fato de pequenas empresas, com or\u00e7amentos mais baixos, controlarem todas as suas informa\u00e7\u00f5es em pap\u00e9is ou em v\u00e1rios arquivos de Excel, que com o tempo se corrompiam e&nbsp;que&nbsp;causava um imenso trabalho&nbsp;para criar relat\u00f3rios que juntavam informa\u00e7\u00f5es de&nbsp;&#8220;servi\u00e7os&#8221;, com &#8220;financeiro&#8221; ou ent\u00e3o a situa\u00e7\u00e3o de cada &#8220;servi\u00e7o&#8221; para ter uma previs\u00e3o or\u00e7ament\u00e1ria. Enquanto nas empresas grandes, com or\u00e7amento maior, sempre tinham dezenas de sistemas para controlar de tudo.<\/p>\n\n\n\n<p>Sempre quando eu questionava nas empresas menores o motivo de se n\u00e3o ter um sistema para controlar todas as informa\u00e7\u00f5es as respostas eram sempre as mesmas: &#8220;Um sistema para controlar isso \u00e9 muito caro, e n\u00e3o vale a pela&nbsp;porque n\u00e3o&nbsp;temos tantas&nbsp;informa\u00e7\u00f5es&#8221;. Por\u00e9m sempre dava algum problema com o arquivo de Excel, que perdia alguma informa\u00e7\u00e3o e ningu\u00e9m sabia quem foi o respons\u00e1vel.<\/p>\n\n\n\n<p>Com minha forma\u00e7\u00e3o em marketing, resolvi ir para a \u00e1rea de <em>Business Intelligence<\/em>, que lida com todos os dados das empresas. Foi quando conheci os sistemas op<em>ensources<\/em> que fazem todo o controle das informa\u00e7\u00f5es, sem custo de usu\u00e1rios ou de desenvolvimento. Resolvi me aprofundar nesse assunto e foi quando comecei a&nbsp;fazer cursos para entrar na&nbsp;\u00e1rea de programa\u00e7\u00e3o e poder implantar os sistemas que eu precisava para controlar e analisar os dados.<\/p>\n\n\n\n<p>A partir da\u00ed, com o conhecimento adquirido em an\u00e1lise de dados e controles de fluxos internos,&nbsp;mais o conhecimento em programa\u00e7\u00e3o, comecei a implantar os mesmos sistemas para outras pequenas empresas que tinham o mesmo problema que tive no come\u00e7o. Depois com mais experi\u00eancia em programa\u00e7\u00e3o, fui me aprofundando cada vez mais na \u00e1rea de desenvolvedor em algumas linguagens espec\u00edficas e comecei a desenvolver outros sistemas que se encaixassem nas rotinas de cada empresa.<\/p>\n\n\n\n<p>E foi pensando na situa\u00e7\u00e3o de pequenas empresas, que n\u00e3o tem como pagar por licen\u00e7as de sistemas, que resolvi criar a marca&nbsp;<strong>OpenST9<\/strong>&nbsp;e oferecer sistemas <em>Free Software<\/em>.<\/p>\n\n\n\n<div class=\"wp-block-uagb-container uagb-block-e0f6542a alignfull uagb-is-root-container\"><div class=\"uagb-container-inner-blocks-wrap\">\n<div class=\"wp-block-uagb-container uagb-block-3f212d22\"><\/div>\n\n\n\n<div class=\"wp-block-uagb-container uagb-block-976f0b66\">\n<div class=\"wp-block-uagb-info-box uagb-block-84c1e01e uagb-infobox__content-wrap  uagb-infobox-icon-above-title uagb-infobox-image-valign-top about-quote\"><div class=\"uagb-ifb-content\"><div class=\"uagb-ifb-image-content\"><img decoding=\"async\" src=\"https:\/\/openst9.com.br\/newsite\/wp-content\/uploads\/2023\/10\/new-quote.png\" alt=\"\" width=\"50\" height=\"50\" loading=\"lazy\"\/><\/div><div class=\"uagb-ifb-title-wrap\"><\/div><p class=\"uagb-ifb-desc\">O <em>software <\/em>livre \u00e9 uma quest\u00e3o de liberdade, n\u00e3o de pre\u00e7o. Os usu\u00e1rios s\u00e3o livres \u2013 o que inclui a liberdade de redistribuir o <em>software<\/em><\/p><\/div><\/div>\n\n\n\n<div class=\"wp-block-uagb-info-box uagb-block-7bdc4c10 uagb-infobox__content-wrap  uagb-infobox-icon-above-title uagb-infobox-image-valign-top\"><div class=\"uagb-ifb-content\"><div class=\"uagb-ifb-title-wrap\"><h6 class=\"uagb-ifb-title\"><em>FSF &#8211; Free Software Fundation<\/em><\/h6><\/div><\/div><\/div>\n<\/div>\n\n\n\n<div class=\"wp-block-uagb-container uagb-block-3dd29e23\"><\/div>\n<\/div><\/div>\n\n\n\n<div class=\"wp-block-uagb-container uagb-block-52af0026 alignfull uagb-is-root-container\"><div class=\"uagb-container-inner-blocks-wrap\">\n<p>Parti&nbsp;do princ\u00edpio que todas as empresas, independente do porte, podem ter um sistema ou um servi\u00e7o de consultoria que permita entender e transformar todos os dados gerados em algo \u00fatil para tomadas de decis\u00f5es, sem a necessidade de pagar por um sistema propriet\u00e1rio.<\/p>\n\n\n\n<p>A ideia do trabalho e ajudar pequenas e m\u00e9dias empresas&nbsp;na redu\u00e7\u00e3o de perdas, aumento de receitas e otimiza\u00e7\u00e3o do tempo. Entre em contato para&nbsp;que possamos conversar e ver a melhor forma de auxili\u00e1-lo em uma transforma\u00e7\u00e3o nas suas informa\u00e7\u00f5es e no seu neg\u00f3cio.<\/p>\n<\/div><\/div>\n","protected":false},"excerpt":{"rendered":"<p>Sobre a empresa Antes de conhecer sobre a&nbsp;OPENST9, que tal saber mais sobre mim?&nbsp; Ol\u00e1, meu nome \u00e9 Thiago e eu sou formado em Marketing. A\u00ed voc\u00ea me pergunta: &#8220;O que uma pessoa formada em marketing sabe sobre programa\u00e7\u00e3o, sistemas web, opensource e coisas sobre tecnologia?&#8221;. A hist\u00f3ria toda \u00e9 bem complexa, mas resumindo, em [&hellip;]<\/p>\n","protected":false},"author":2,"featured_media":0,"parent":0,"menu_order":0,"comment_status":"closed","ping_status":"closed","template":"","meta":{"_acf_changed":false,"_uag_custom_page_level_css":"","site-sidebar-layout":"default","site-content-layout":"","ast-site-content-layout":"","site-content-style":"default","site-sidebar-style":"default","ast-global-header-display":"","ast-banner-title-visibility":"","ast-main-header-display":"","ast-hfb-above-header-display":"","ast-hfb-below-header-display":"","ast-hfb-mobile-header-display":"","site-post-title":"disabled","ast-breadcrumbs-content":"","ast-featured-img":"","footer-sml-layout":"","theme-transparent-header-meta":"","adv-header-id-meta":"","stick-header-meta":"","header-above-stick-meta":"","header-main-stick-meta":"","header-below-stick-meta":"","astra-migrate-meta-layouts":"","ast-page-background-enabled":"default","ast-page-background-meta":{"desktop":{"background-color":"var(--ast-global-color-4)","background-image":"","background-repeat":"repeat","background-position":"center center","background-size":"auto","background-attachment":"scroll","background-type":"","background-media":"","overlay-type":"","overlay-color":"","overlay-opacity":"","overlay-gradient":""},"tablet":{"background-color":"","background-image":"","background-repeat":"repeat","background-position":"center center","background-size":"auto","background-attachment":"scroll","background-type":"","background-media":"","overlay-type":"","overlay-color":"","overlay-opacity":"","overlay-gradient":""},"mobile":{"background-color":"","background-image":"","background-repeat":"repeat","background-position":"center center","background-size":"auto","background-attachment":"scroll","background-type":"","background-media":"","overlay-type":"","overlay-color":"","overlay-opacity":"","overlay-gradient":""}},"ast-content-background-meta":{"desktop":{"background-color":"var(--ast-global-color-5)","background-image":"","background-repeat":"repeat","background-position":"center center","background-size":"auto","background-attachment":"scroll","background-type":"","background-media":"","overlay-type":"","overlay-color":"","overlay-opacity":"","overlay-gradient":""},"tablet":{"background-color":"var(--ast-global-color-5)","background-image":"","background-repeat":"repeat","background-position":"center center","background-size":"auto","background-attachment":"scroll","background-type":"","background-media":"","overlay-type":"","overlay-color":"","overlay-opacity":"","overlay-gradient":""},"mobile":{"background-color":"var(--ast-global-color-5)","background-image":"","background-repeat":"repeat","background-position":"center center","background-size":"auto","background-attachment":"scroll","background-type":"","background-media":"","overlay-type":"","overlay-color":"","overlay-opacity":"","overlay-gradient":""}},"footnotes":""},"class_list":["post-39","page","type-page","status-publish","hentry"],"acf":[],"yoast_head":"<!-- This site is optimized with the Yoast SEO plugin v21.9.1 - https:\/\/yoast.com\/wordpress\/plugins\/seo\/ -->\n<title>Sobre a empresa - Software Livre for ALL<\/title>\n<meta name=\"robots\" content=\"index, follow, max-snippet:-1, max-image-preview:large, max-video-preview:-1\" \/>\n<link rel=\"canonical\" href=\"https:\/\/www.openst9.com.br\/index.php\/sobre-a-empresa\/\" \/>\n<meta property=\"og:locale\" content=\"pt_BR\" \/>\n<meta property=\"og:type\" content=\"article\" \/>\n<meta property=\"og:title\" content=\"Sobre a empresa - Software Livre for ALL\" \/>\n<meta property=\"og:description\" content=\"Sobre a empresa Antes de conhecer sobre a&nbsp;OPENST9, que tal saber mais sobre mim?&nbsp; Ol\u00e1, meu nome \u00e9 Thiago e eu sou formado em Marketing. A\u00ed voc\u00ea me pergunta: &#8220;O que uma pessoa formada em marketing sabe sobre programa\u00e7\u00e3o, sistemas web, opensource e coisas sobre tecnologia?&#8221;. A hist\u00f3ria toda \u00e9 bem complexa, mas resumindo, em [&hellip;]\" \/>\n<meta property=\"og:url\" content=\"https:\/\/www.openst9.com.br\/index.php\/sobre-a-empresa\/\" \/>\n<meta property=\"og:site_name\" content=\"Software Livre for ALL\" \/>\n<meta property=\"article:modified_time\" content=\"2024-03-11T18:17:42+00:00\" \/>\n<meta property=\"og:image\" content=\"https:\/\/openst9.com.br\/newsite\/wp-content\/uploads\/2023\/10\/new-quote.png\" \/>\n<meta name=\"twitter:card\" content=\"summary_large_image\" \/>\n<meta name=\"twitter:label1\" content=\"Est. tempo de leitura\" \/>\n\t<meta name=\"twitter:data1\" content=\"3 minutos\" \/>\n<script type=\"application\/ld+json\" class=\"yoast-schema-graph\">{\"@context\":\"https:\/\/schema.org\",\"@graph\":[{\"@type\":\"WebPage\",\"@id\":\"https:\/\/www.openst9.com.br\/index.php\/sobre-a-empresa\/\",\"url\":\"https:\/\/www.openst9.com.br\/index.php\/sobre-a-empresa\/\",\"name\":\"Sobre a empresa - Software Livre for ALL\",\"isPartOf\":{\"@id\":\"https:\/\/www.openst9.com.br\/#website\"},\"datePublished\":\"2023-10-24T18:30:33+00:00\",\"dateModified\":\"2024-03-11T18:17:42+00:00\",\"breadcrumb\":{\"@id\":\"https:\/\/www.openst9.com.br\/index.php\/sobre-a-empresa\/#breadcrumb\"},\"inLanguage\":\"pt-BR\",\"potentialAction\":[{\"@type\":\"ReadAction\",\"target\":[\"https:\/\/www.openst9.com.br\/index.php\/sobre-a-empresa\/\"]}]},{\"@type\":\"BreadcrumbList\",\"@id\":\"https:\/\/www.openst9.com.br\/index.php\/sobre-a-empresa\/#breadcrumb\",\"itemListElement\":[{\"@type\":\"ListItem\",\"position\":1,\"name\":\"In\u00edcio\",\"item\":\"https:\/\/www.openst9.com.br\/\"},{\"@type\":\"ListItem\",\"position\":2,\"name\":\"Sobre a empresa\"}]},{\"@type\":\"WebSite\",\"@id\":\"https:\/\/www.openst9.com.br\/#website\",\"url\":\"https:\/\/www.openst9.com.br\/\",\"name\":\"Software Livre for ALL\",\"description\":\"\",\"publisher\":{\"@id\":\"https:\/\/www.openst9.com.br\/#organization\"},\"potentialAction\":[{\"@type\":\"SearchAction\",\"target\":{\"@type\":\"EntryPoint\",\"urlTemplate\":\"https:\/\/www.openst9.com.br\/?s={search_term_string}\"},\"query-input\":\"required name=search_term_string\"}],\"inLanguage\":\"pt-BR\"},{\"@type\":\"Organization\",\"@id\":\"https:\/\/www.openst9.com.br\/#organization\",\"name\":\"Software Livre for ALL\",\"url\":\"https:\/\/www.openst9.com.br\/\",\"logo\":{\"@type\":\"ImageObject\",\"inLanguage\":\"pt-BR\",\"@id\":\"https:\/\/www.openst9.com.br\/#\/schema\/logo\/image\/\",\"url\":\"https:\/\/www.openst9.com.br\/wp-content\/uploads\/2023\/10\/cropped-openst9_black-1.png\",\"contentUrl\":\"https:\/\/www.openst9.com.br\/wp-content\/uploads\/2023\/10\/cropped-openst9_black-1.png\",\"width\":614,\"height\":167,\"caption\":\"Software Livre for ALL\"},\"image\":{\"@id\":\"https:\/\/www.openst9.com.br\/#\/schema\/logo\/image\/\"}}]}<\/script>\n<!-- \/ Yoast SEO plugin. -->","yoast_head_json":{"title":"Sobre a empresa - Software Livre for ALL","robots":{"index":"index","follow":"follow","max-snippet":"max-snippet:-1","max-image-preview":"max-image-preview:large","max-video-preview":"max-video-preview:-1"},"canonical":"https:\/\/www.openst9.com.br\/index.php\/sobre-a-empresa\/","og_locale":"pt_BR","og_type":"article","og_title":"Sobre a empresa - Software Livre for ALL","og_description":"Sobre a empresa Antes de conhecer sobre a&nbsp;OPENST9, que tal saber mais sobre mim?&nbsp; Ol\u00e1, meu nome \u00e9 Thiago e eu sou formado em Marketing. A\u00ed voc\u00ea me pergunta: &#8220;O que uma pessoa formada em marketing sabe sobre programa\u00e7\u00e3o, sistemas web, opensource e coisas sobre tecnologia?&#8221;. A hist\u00f3ria toda \u00e9 bem complexa, mas resumindo, em [&hellip;]","og_url":"https:\/\/www.openst9.com.br\/index.php\/sobre-a-empresa\/","og_site_name":"Software Livre for ALL","article_modified_time":"2024-03-11T18:17:42+00:00","og_image":[{"url":"https:\/\/openst9.com.br\/newsite\/wp-content\/uploads\/2023\/10\/new-quote.png"}],"twitter_card":"summary_large_image","twitter_misc":{"Est. tempo de leitura":"3 minutos"},"schema":{"@context":"https:\/\/schema.org","@graph":[{"@type":"WebPage","@id":"https:\/\/www.openst9.com.br\/index.php\/sobre-a-empresa\/","url":"https:\/\/www.openst9.com.br\/index.php\/sobre-a-empresa\/","name":"Sobre a empresa - Software Livre for ALL","isPartOf":{"@id":"https:\/\/www.openst9.com.br\/#website"},"datePublished":"2023-10-24T18:30:33+00:00","dateModified":"2024-03-11T18:17:42+00:00","breadcrumb":{"@id":"https:\/\/www.openst9.com.br\/index.php\/sobre-a-empresa\/#breadcrumb"},"inLanguage":"pt-BR","potentialAction":[{"@type":"ReadAction","target":["https:\/\/www.openst9.com.br\/index.php\/sobre-a-empresa\/"]}]},{"@type":"BreadcrumbList","@id":"https:\/\/www.openst9.com.br\/index.php\/sobre-a-empresa\/#breadcrumb","itemListElement":[{"@type":"ListItem","position":1,"name":"In\u00edcio","item":"https:\/\/www.openst9.com.br\/"},{"@type":"ListItem","position":2,"name":"Sobre a empresa"}]},{"@type":"WebSite","@id":"https:\/\/www.openst9.com.br\/#website","url":"https:\/\/www.openst9.com.br\/","name":"Software Livre for ALL","description":"","publisher":{"@id":"https:\/\/www.openst9.com.br\/#organization"},"potentialAction":[{"@type":"SearchAction","target":{"@type":"EntryPoint","urlTemplate":"https:\/\/www.openst9.com.br\/?s={search_term_string}"},"query-input":"required name=search_term_string"}],"inLanguage":"pt-BR"},{"@type":"Organization","@id":"https:\/\/www.openst9.com.br\/#organization","name":"Software Livre for ALL","url":"https:\/\/www.openst9.com.br\/","logo":{"@type":"ImageObject","inLanguage":"pt-BR","@id":"https:\/\/www.openst9.com.br\/#\/schema\/logo\/image\/","url":"https:\/\/www.openst9.com.br\/wp-content\/uploads\/2023\/10\/cropped-openst9_black-1.png","contentUrl":"https:\/\/www.openst9.com.br\/wp-content\/uploads\/2023\/10\/cropped-openst9_black-1.png","width":614,"height":167,"caption":"Software Livre for ALL"},"image":{"@id":"https:\/\/www.openst9.com.br\/#\/schema\/logo\/image\/"}}]}},"jetpack_sharing_enabled":true,"uagb_featured_image_src":{"full":false,"thumbnail":false,"medium":false,"medium_large":false,"large":false,"1536x1536":false,"2048x2048":false},"uagb_author_info":{"display_name":"Nayama Rosa","author_link":"https:\/\/www.openst9.com.br\/index.php\/author\/nayama-rosa\/"},"uagb_comment_info":0,"uagb_excerpt":"Sobre a empresa Antes de conhecer sobre a&nbsp;OPENST9, que tal saber mais sobre mim?&nbsp; Ol\u00e1, meu nome \u00e9 Thiago e eu sou formado em Marketing. A\u00ed voc\u00ea me pergunta: &#8220;O que uma pessoa formada em marketing sabe sobre programa\u00e7\u00e3o, sistemas web, opensource e coisas sobre tecnologia?&#8221;. A hist\u00f3ria toda \u00e9 bem complexa, mas resumindo, em&hellip;","_links":{"self":[{"href":"https:\/\/www.openst9.com.br\/index.php\/wp-json\/wp\/v2\/pages\/39","targetHints":{"allow":["GET"]}}],"collection":[{"href":"https:\/\/www.openst9.com.br\/index.php\/wp-json\/wp\/v2\/pages"}],"about":[{"href":"https:\/\/www.openst9.com.br\/index.php\/wp-json\/wp\/v2\/types\/page"}],"author":[{"embeddable":true,"href":"https:\/\/www.openst9.com.br\/index.php\/wp-json\/wp\/v2\/users\/2"}],"replies":[{"embeddable":true,"href":"https:\/\/www.openst9.com.br\/index.php\/wp-json\/wp\/v2\/comments?post=39"}],"version-history":[{"count":10,"href":"https:\/\/www.openst9.com.br\/index.php\/wp-json\/wp\/v2\/pages\/39\/revisions"}],"predecessor-version":[{"id":355,"href":"https:\/\/www.openst9.com.br\/index.php\/wp-json\/wp\/v2\/pages\/39\/revisions\/355"}],"wp:attachment":[{"href":"https:\/\/www.openst9.com.br\/index.php\/wp-json\/wp\/v2\/media?parent=39"}],"curies":[{"name":"wp","href":"https:\/\/api.w.org\/{rel}","templated":true}]}}