{"id":420,"date":"2024-03-11T15:29:33","date_gmt":"2024-03-11T18:29:33","guid":{"rendered":"https:\/\/openst9.com.br\/newsite\/?page_id=420"},"modified":"2024-03-11T15:31:39","modified_gmt":"2024-03-11T18:31:39","slug":"suporte-e-desenvolvimento","status":"publish","type":"page","link":"https:\/\/www.openst9.com.br\/index.php\/suporte-e-desenvolvimento\/","title":{"rendered":"Suporte e Desenvolvimento"},"content":{"rendered":"\n<div class=\"wp-block-uagb-container title-box uagb-block-bc01235e alignfull uagb-is-root-container\"><div class=\"uagb-container-inner-blocks-wrap\">\n<div class=\"wp-block-uagb-container uagb-block-a99d583f\">\n<h2 class=\"wp-block-heading page-title has-ast-global-color-5-color has-text-color has-link-color wp-elements-7a40d79cb2cc6e98c91616941ba52b6e\">Suporte e Desenvolvimento<\/h2>\n<\/div>\n\n\n\n<div class=\"wp-block-uagb-container uagb-block-17ccb840\">\n<p class=\"title-p has-ast-global-color-5-color has-text-color has-link-color wp-elements-6e53116be693e1af21956e4e94b3eb00\" style=\"font-size:16px\"><strong>Hora de usar a alquimia a nosso favor e&nbsp;transformar&nbsp;caf\u00e9 em c\u00f3digo organizado.<br><\/strong><em>&#8211; Thiago Martins<\/em><\/p>\n<\/div>\n<\/div><\/div>\n\n\n\n<div style=\"height:60px\" aria-hidden=\"true\" class=\"wp-block-spacer\"><\/div>\n\n\n\n<div class=\"wp-block-uagb-container uagb-block-0e9d3d3d alignfull uagb-is-root-container\"><div class=\"uagb-container-inner-blocks-wrap\">\n<div class=\"wp-block-uagb-container uagb-block-1cfba5c6\">\n<p class=\"services-p\">Nada como um bom caf\u00e9 para ajudar a aliviar a mente e transformar um monte de borr\u00f5es e anota\u00e7\u00f5es de uma reuni\u00e3o\/consultoria em um c\u00f3digo limpo, bem organizado e com toda a documenta\u00e7\u00e3o necess\u00e1ria para manuten\u00e7\u00e3o.<\/p>\n\n\n\n<p class=\"services-p\">Existem diversas linguagens para se escolher na \u00e1rea da programa\u00e7\u00e3o, por\u00e9m escolhi trabalhar com PHP (Laravel) por alguns motivos. Depois de testar algumas op\u00e7\u00f5es como Java, C# e Python, acabei escolhendo o PHP para me especializar, primeiro por ter me identificado com a linguagem. Podem dizer o que for, mas eu realmente gosto de trabalhar com PHP, depois por ter escolhido trabalhar s\u00f3 com desenvolvimento web, ent\u00e3o n\u00e3o precisaria ficar compilando um monte de c\u00f3digo.<\/p>\n\n\n\n<p class=\"services-p\">E foi nessa especializa\u00e7\u00e3o do PHP, que acabei conhecendo o Laravel e tamb\u00e9m resolvi me especializar em Laravel, por deixar a programa\u00e7\u00e3o em PHP ainda mais f\u00e1cil e \u00e1gil do que j\u00e1 era.<\/p>\n\n\n\n<p class=\"services-p\">Ent\u00e3o todos os sistemas desenvolvidos por mim (e os de terceiros que ofere\u00e7o suporte) s\u00e3o voltados para web, feitos em PHP Laravel, com os agregados HTML, CSS, Javascript, Ajax e alguns frameworks que auxiliam nessas linguagens.<\/p>\n<\/div>\n\n\n\n<div class=\"wp-block-uagb-container uagb-block-2ad17579\">\n<div class=\"wp-block-jetpack-slideshow aligncenter consult-slide\" data-autoplay=\"true\" data-delay=\"4\" data-effect=\"slide\"><div class=\"wp-block-jetpack-slideshow_container swiper-container\"><ul class=\"wp-block-jetpack-slideshow_swiper-wrapper swiper-wrapper\"><li class=\"wp-block-jetpack-slideshow_slide swiper-slide\"><figure><img loading=\"lazy\" decoding=\"async\" width=\"300\" height=\"68\" alt=\"\" class=\"wp-block-jetpack-slideshow_image wp-image-238\" data-id=\"238\" src=\"https:\/\/openst9.com.br\/newsite\/wp-content\/uploads\/2024\/03\/suitecrm-300x68.png\" srcset=\"https:\/\/www.openst9.com.br\/wp-content\/uploads\/2024\/03\/suitecrm-300x68.png 300w, https:\/\/www.openst9.com.br\/wp-content\/uploads\/2024\/03\/suitecrm-1024x232.png 1024w, https:\/\/www.openst9.com.br\/wp-content\/uploads\/2024\/03\/suitecrm-768x174.png 768w, https:\/\/www.openst9.com.br\/wp-content\/uploads\/2024\/03\/suitecrm.png 1526w\" sizes=\"auto, (max-width: 300px) 100vw, 300px\" \/><\/figure><\/li><li class=\"wp-block-jetpack-slideshow_slide swiper-slide\"><figure><img loading=\"lazy\" decoding=\"async\" width=\"300\" height=\"62\" alt=\"\" class=\"wp-block-jetpack-slideshow_image wp-image-237\" data-id=\"237\" src=\"https:\/\/openst9.com.br\/newsite\/wp-content\/uploads\/2024\/03\/joomla-300x62.png\" srcset=\"https:\/\/www.openst9.com.br\/wp-content\/uploads\/2024\/03\/joomla-300x62.png 300w, https:\/\/www.openst9.com.br\/wp-content\/uploads\/2024\/03\/joomla-768x159.png 768w, https:\/\/www.openst9.com.br\/wp-content\/uploads\/2024\/03\/joomla.png 1024w\" sizes=\"auto, (max-width: 300px) 100vw, 300px\" \/><\/figure><\/li><li class=\"wp-block-jetpack-slideshow_slide swiper-slide\"><figure><img loading=\"lazy\" decoding=\"async\" width=\"300\" height=\"76\" alt=\"\" class=\"wp-block-jetpack-slideshow_image wp-image-182\" data-id=\"182\" src=\"https:\/\/openst9.com.br\/newsite\/wp-content\/uploads\/2023\/10\/mautic-300x76.png\" srcset=\"https:\/\/www.openst9.com.br\/wp-content\/uploads\/2023\/10\/mautic-300x76.png 300w, https:\/\/www.openst9.com.br\/wp-content\/uploads\/2023\/10\/mautic-768x195.png 768w, https:\/\/www.openst9.com.br\/wp-content\/uploads\/2023\/10\/mautic.png 987w\" sizes=\"auto, (max-width: 300px) 100vw, 300px\" \/><\/figure><\/li><li class=\"wp-block-jetpack-slideshow_slide swiper-slide\"><figure><img loading=\"lazy\" decoding=\"async\" width=\"300\" height=\"77\" alt=\"\" class=\"wp-block-jetpack-slideshow_image wp-image-181\" data-id=\"181\" src=\"https:\/\/openst9.com.br\/newsite\/wp-content\/uploads\/2023\/10\/pentaho-300x77.png\" srcset=\"https:\/\/www.openst9.com.br\/wp-content\/uploads\/2023\/10\/pentaho-300x77.png 300w, https:\/\/www.openst9.com.br\/wp-content\/uploads\/2023\/10\/pentaho-768x197.png 768w, https:\/\/www.openst9.com.br\/wp-content\/uploads\/2023\/10\/pentaho.png 816w\" sizes=\"auto, (max-width: 300px) 100vw, 300px\" \/><\/figure><\/li><li class=\"wp-block-jetpack-slideshow_slide swiper-slide\"><figure><img loading=\"lazy\" decoding=\"async\" width=\"300\" height=\"77\" alt=\"\" class=\"wp-block-jetpack-slideshow_image wp-image-180\" data-id=\"180\" src=\"https:\/\/openst9.com.br\/newsite\/wp-content\/uploads\/2023\/10\/php-300x77.png\" srcset=\"https:\/\/www.openst9.com.br\/wp-content\/uploads\/2023\/10\/php-300x77.png 300w, https:\/\/www.openst9.com.br\/wp-content\/uploads\/2023\/10\/php-768x197.png 768w, https:\/\/www.openst9.com.br\/wp-content\/uploads\/2023\/10\/php.png 816w\" sizes=\"auto, (max-width: 300px) 100vw, 300px\" \/><\/figure><\/li><li class=\"wp-block-jetpack-slideshow_slide swiper-slide\"><figure><img loading=\"lazy\" decoding=\"async\" width=\"300\" height=\"77\" alt=\"\" class=\"wp-block-jetpack-slideshow_image wp-image-178\" data-id=\"178\" src=\"https:\/\/openst9.com.br\/newsite\/wp-content\/uploads\/2023\/10\/laravel-1-300x77.png\" srcset=\"https:\/\/www.openst9.com.br\/wp-content\/uploads\/2023\/10\/laravel-1-300x77.png 300w, https:\/\/www.openst9.com.br\/wp-content\/uploads\/2023\/10\/laravel-1-768x197.png 768w, https:\/\/www.openst9.com.br\/wp-content\/uploads\/2023\/10\/laravel-1.png 816w\" sizes=\"auto, (max-width: 300px) 100vw, 300px\" \/><\/figure><\/li><\/ul><a class=\"wp-block-jetpack-slideshow_button-prev swiper-button-prev swiper-button-white\" role=\"button\"><\/a><a class=\"wp-block-jetpack-slideshow_button-next swiper-button-next swiper-button-white\" role=\"button\"><\/a><a aria-label=\"Pause Slideshow\" class=\"wp-block-jetpack-slideshow_button-pause\" role=\"button\"><\/a><div class=\"wp-block-jetpack-slideshow_pagination swiper-pagination swiper-pagination-white\"><\/div><\/div><\/div>\n<\/div>\n<\/div><\/div>\n","protected":false},"excerpt":{"rendered":"<p>Suporte e Desenvolvimento Hora de usar a alquimia a nosso favor e&nbsp;transformar&nbsp;caf\u00e9 em c\u00f3digo organizado.&#8211; Thiago Martins Nada como um bom caf\u00e9 para ajudar a aliviar a mente e transformar um monte de borr\u00f5es e anota\u00e7\u00f5es de uma reuni\u00e3o\/consultoria em um c\u00f3digo limpo, bem organizado e com toda a documenta\u00e7\u00e3o necess\u00e1ria para manuten\u00e7\u00e3o. Existem diversas [&hellip;]<\/p>\n","protected":false},"author":2,"featured_media":0,"parent":0,"menu_order":0,"comment_status":"closed","ping_status":"closed","template":"","meta":{"_acf_changed":false,"_uag_custom_page_level_css":"","site-sidebar-layout":"default","site-content-layout":"","ast-site-content-layout":"","site-content-style":"default","site-sidebar-style":"default","ast-global-header-display":"","ast-banner-title-visibility":"","ast-main-header-display":"","ast-hfb-above-header-display":"","ast-hfb-below-header-display":"","ast-hfb-mobile-header-display":"","site-post-title":"disabled","ast-breadcrumbs-content":"","ast-featured-img":"","footer-sml-layout":"","theme-transparent-header-meta":"","adv-header-id-meta":"","stick-header-meta":"","header-above-stick-meta":"","header-main-stick-meta":"","header-below-stick-meta":"","astra-migrate-meta-layouts":"","ast-page-background-enabled":"default","ast-page-background-meta":{"desktop":{"background-color":"var(--ast-global-color-4)","background-image":"","background-repeat":"repeat","background-position":"center center","background-size":"auto","background-attachment":"scroll","background-type":"","background-media":"","overlay-type":"","overlay-color":"","overlay-opacity":"","overlay-gradient":""},"tablet":{"background-color":"","background-image":"","background-repeat":"repeat","background-position":"center center","background-size":"auto","background-attachment":"scroll","background-type":"","background-media":"","overlay-type":"","overlay-color":"","overlay-opacity":"","overlay-gradient":""},"mobile":{"background-color":"","background-image":"","background-repeat":"repeat","background-position":"center center","background-size":"auto","background-attachment":"scroll","background-type":"","background-media":"","overlay-type":"","overlay-color":"","overlay-opacity":"","overlay-gradient":""}},"ast-content-background-meta":{"desktop":{"background-color":"var(--ast-global-color-5)","background-image":"","background-repeat":"repeat","background-position":"center center","background-size":"auto","background-attachment":"scroll","background-type":"","background-media":"","overlay-type":"","overlay-color":"","overlay-opacity":"","overlay-gradient":""},"tablet":{"background-color":"var(--ast-global-color-5)","background-image":"","background-repeat":"repeat","background-position":"center center","background-size":"auto","background-attachment":"scroll","background-type":"","background-media":"","overlay-type":"","overlay-color":"","overlay-opacity":"","overlay-gradient":""},"mobile":{"background-color":"var(--ast-global-color-5)","background-image":"","background-repeat":"repeat","background-position":"center center","background-size":"auto","background-attachment":"scroll","background-type":"","background-media":"","overlay-type":"","overlay-color":"","overlay-opacity":"","overlay-gradient":""}},"footnotes":""},"class_list":["post-420","page","type-page","status-publish","hentry"],"acf":[],"yoast_head":"<!-- This site is optimized with the Yoast SEO plugin v21.9.1 - https:\/\/yoast.com\/wordpress\/plugins\/seo\/ -->\n<title>Suporte e Desenvolvimento - Software Livre for ALL<\/title>\n<meta name=\"robots\" content=\"index, follow, max-snippet:-1, max-image-preview:large, max-video-preview:-1\" \/>\n<link rel=\"canonical\" href=\"https:\/\/www.openst9.com.br\/index.php\/suporte-e-desenvolvimento\/\" \/>\n<meta property=\"og:locale\" content=\"pt_BR\" \/>\n<meta property=\"og:type\" content=\"article\" \/>\n<meta property=\"og:title\" content=\"Suporte e Desenvolvimento - Software Livre for ALL\" \/>\n<meta property=\"og:description\" content=\"Suporte e Desenvolvimento Hora de usar a alquimia a nosso favor e&nbsp;transformar&nbsp;caf\u00e9 em c\u00f3digo organizado.&#8211; Thiago Martins Nada como um bom caf\u00e9 para ajudar a aliviar a mente e transformar um monte de borr\u00f5es e anota\u00e7\u00f5es de uma reuni\u00e3o\/consultoria em um c\u00f3digo limpo, bem organizado e com toda a documenta\u00e7\u00e3o necess\u00e1ria para manuten\u00e7\u00e3o. Existem diversas [&hellip;]\" \/>\n<meta property=\"og:url\" content=\"https:\/\/www.openst9.com.br\/index.php\/suporte-e-desenvolvimento\/\" \/>\n<meta property=\"og:site_name\" content=\"Software Livre for ALL\" \/>\n<meta property=\"article:modified_time\" content=\"2024-03-11T18:31:39+00:00\" \/>\n<meta name=\"twitter:card\" content=\"summary_large_image\" \/>\n<meta name=\"twitter:label1\" content=\"Est. tempo de leitura\" \/>\n\t<meta name=\"twitter:data1\" content=\"2 minutos\" \/>\n<script type=\"application\/ld+json\" class=\"yoast-schema-graph\">{\"@context\":\"https:\/\/schema.org\",\"@graph\":[{\"@type\":\"WebPage\",\"@id\":\"https:\/\/www.openst9.com.br\/index.php\/suporte-e-desenvolvimento\/\",\"url\":\"https:\/\/www.openst9.com.br\/index.php\/suporte-e-desenvolvimento\/\",\"name\":\"Suporte e Desenvolvimento - Software Livre for ALL\",\"isPartOf\":{\"@id\":\"https:\/\/www.openst9.com.br\/#website\"},\"datePublished\":\"2024-03-11T18:29:33+00:00\",\"dateModified\":\"2024-03-11T18:31:39+00:00\",\"breadcrumb\":{\"@id\":\"https:\/\/www.openst9.com.br\/index.php\/suporte-e-desenvolvimento\/#breadcrumb\"},\"inLanguage\":\"pt-BR\",\"potentialAction\":[{\"@type\":\"ReadAction\",\"target\":[\"https:\/\/www.openst9.com.br\/index.php\/suporte-e-desenvolvimento\/\"]}]},{\"@type\":\"BreadcrumbList\",\"@id\":\"https:\/\/www.openst9.com.br\/index.php\/suporte-e-desenvolvimento\/#breadcrumb\",\"itemListElement\":[{\"@type\":\"ListItem\",\"position\":1,\"name\":\"In\u00edcio\",\"item\":\"https:\/\/www.openst9.com.br\/\"},{\"@type\":\"ListItem\",\"position\":2,\"name\":\"Suporte e Desenvolvimento\"}]},{\"@type\":\"WebSite\",\"@id\":\"https:\/\/www.openst9.com.br\/#website\",\"url\":\"https:\/\/www.openst9.com.br\/\",\"name\":\"Software Livre for ALL\",\"description\":\"\",\"publisher\":{\"@id\":\"https:\/\/www.openst9.com.br\/#organization\"},\"potentialAction\":[{\"@type\":\"SearchAction\",\"target\":{\"@type\":\"EntryPoint\",\"urlTemplate\":\"https:\/\/www.openst9.com.br\/?s={search_term_string}\"},\"query-input\":\"required name=search_term_string\"}],\"inLanguage\":\"pt-BR\"},{\"@type\":\"Organization\",\"@id\":\"https:\/\/www.openst9.com.br\/#organization\",\"name\":\"Software Livre for ALL\",\"url\":\"https:\/\/www.openst9.com.br\/\",\"logo\":{\"@type\":\"ImageObject\",\"inLanguage\":\"pt-BR\",\"@id\":\"https:\/\/www.openst9.com.br\/#\/schema\/logo\/image\/\",\"url\":\"https:\/\/www.openst9.com.br\/wp-content\/uploads\/2023\/10\/cropped-openst9_black-1.png\",\"contentUrl\":\"https:\/\/www.openst9.com.br\/wp-content\/uploads\/2023\/10\/cropped-openst9_black-1.png\",\"width\":614,\"height\":167,\"caption\":\"Software Livre for ALL\"},\"image\":{\"@id\":\"https:\/\/www.openst9.com.br\/#\/schema\/logo\/image\/\"}}]}<\/script>\n<!-- \/ Yoast SEO plugin. -->","yoast_head_json":{"title":"Suporte e Desenvolvimento - Software Livre for ALL","robots":{"index":"index","follow":"follow","max-snippet":"max-snippet:-1","max-image-preview":"max-image-preview:large","max-video-preview":"max-video-preview:-1"},"canonical":"https:\/\/www.openst9.com.br\/index.php\/suporte-e-desenvolvimento\/","og_locale":"pt_BR","og_type":"article","og_title":"Suporte e Desenvolvimento - Software Livre for ALL","og_description":"Suporte e Desenvolvimento Hora de usar a alquimia a nosso favor e&nbsp;transformar&nbsp;caf\u00e9 em c\u00f3digo organizado.&#8211; Thiago Martins Nada como um bom caf\u00e9 para ajudar a aliviar a mente e transformar um monte de borr\u00f5es e anota\u00e7\u00f5es de uma reuni\u00e3o\/consultoria em um c\u00f3digo limpo, bem organizado e com toda a documenta\u00e7\u00e3o necess\u00e1ria para manuten\u00e7\u00e3o. Existem diversas [&hellip;]","og_url":"https:\/\/www.openst9.com.br\/index.php\/suporte-e-desenvolvimento\/","og_site_name":"Software Livre for ALL","article_modified_time":"2024-03-11T18:31:39+00:00","twitter_card":"summary_large_image","twitter_misc":{"Est. tempo de leitura":"2 minutos"},"schema":{"@context":"https:\/\/schema.org","@graph":[{"@type":"WebPage","@id":"https:\/\/www.openst9.com.br\/index.php\/suporte-e-desenvolvimento\/","url":"https:\/\/www.openst9.com.br\/index.php\/suporte-e-desenvolvimento\/","name":"Suporte e Desenvolvimento - Software Livre for ALL","isPartOf":{"@id":"https:\/\/www.openst9.com.br\/#website"},"datePublished":"2024-03-11T18:29:33+00:00","dateModified":"2024-03-11T18:31:39+00:00","breadcrumb":{"@id":"https:\/\/www.openst9.com.br\/index.php\/suporte-e-desenvolvimento\/#breadcrumb"},"inLanguage":"pt-BR","potentialAction":[{"@type":"ReadAction","target":["https:\/\/www.openst9.com.br\/index.php\/suporte-e-desenvolvimento\/"]}]},{"@type":"BreadcrumbList","@id":"https:\/\/www.openst9.com.br\/index.php\/suporte-e-desenvolvimento\/#breadcrumb","itemListElement":[{"@type":"ListItem","position":1,"name":"In\u00edcio","item":"https:\/\/www.openst9.com.br\/"},{"@type":"ListItem","position":2,"name":"Suporte e Desenvolvimento"}]},{"@type":"WebSite","@id":"https:\/\/www.openst9.com.br\/#website","url":"https:\/\/www.openst9.com.br\/","name":"Software Livre for ALL","description":"","publisher":{"@id":"https:\/\/www.openst9.com.br\/#organization"},"potentialAction":[{"@type":"SearchAction","target":{"@type":"EntryPoint","urlTemplate":"https:\/\/www.openst9.com.br\/?s={search_term_string}"},"query-input":"required name=search_term_string"}],"inLanguage":"pt-BR"},{"@type":"Organization","@id":"https:\/\/www.openst9.com.br\/#organization","name":"Software Livre for ALL","url":"https:\/\/www.openst9.com.br\/","logo":{"@type":"ImageObject","inLanguage":"pt-BR","@id":"https:\/\/www.openst9.com.br\/#\/schema\/logo\/image\/","url":"https:\/\/www.openst9.com.br\/wp-content\/uploads\/2023\/10\/cropped-openst9_black-1.png","contentUrl":"https:\/\/www.openst9.com.br\/wp-content\/uploads\/2023\/10\/cropped-openst9_black-1.png","width":614,"height":167,"caption":"Software Livre for ALL"},"image":{"@id":"https:\/\/www.openst9.com.br\/#\/schema\/logo\/image\/"}}]}},"jetpack_sharing_enabled":true,"uagb_featured_image_src":{"full":false,"thumbnail":false,"medium":false,"medium_large":false,"large":false,"1536x1536":false,"2048x2048":false},"uagb_author_info":{"display_name":"Nayama Rosa","author_link":"https:\/\/www.openst9.com.br\/index.php\/author\/nayama-rosa\/"},"uagb_comment_info":0,"uagb_excerpt":"Suporte e Desenvolvimento Hora de usar a alquimia a nosso favor e&nbsp;transformar&nbsp;caf\u00e9 em c\u00f3digo organizado.&#8211; Thiago Martins Nada como um bom caf\u00e9 para ajudar a aliviar a mente e transformar um monte de borr\u00f5es e anota\u00e7\u00f5es de uma reuni\u00e3o\/consultoria em um c\u00f3digo limpo, bem organizado e com toda a documenta\u00e7\u00e3o necess\u00e1ria para manuten\u00e7\u00e3o. Existem diversas&hellip;","_links":{"self":[{"href":"https:\/\/www.openst9.com.br\/index.php\/wp-json\/wp\/v2\/pages\/420","targetHints":{"allow":["GET"]}}],"collection":[{"href":"https:\/\/www.openst9.com.br\/index.php\/wp-json\/wp\/v2\/pages"}],"about":[{"href":"https:\/\/www.openst9.com.br\/index.php\/wp-json\/wp\/v2\/types\/page"}],"author":[{"embeddable":true,"href":"https:\/\/www.openst9.com.br\/index.php\/wp-json\/wp\/v2\/users\/2"}],"replies":[{"embeddable":true,"href":"https:\/\/www.openst9.com.br\/index.php\/wp-json\/wp\/v2\/comments?post=420"}],"version-history":[{"count":2,"href":"https:\/\/www.openst9.com.br\/index.php\/wp-json\/wp\/v2\/pages\/420\/revisions"}],"predecessor-version":[{"id":424,"href":"https:\/\/www.openst9.com.br\/index.php\/wp-json\/wp\/v2\/pages\/420\/revisions\/424"}],"wp:attachment":[{"href":"https:\/\/www.openst9.com.br\/index.php\/wp-json\/wp\/v2\/media?parent=420"}],"curies":[{"name":"wp","href":"https:\/\/api.w.org\/{rel}","templated":true}]}}